{"id":2453,"date":"2024-01-18T15:57:33","date_gmt":"2024-01-18T14:57:33","guid":{"rendered":"https:\/\/vert-nibet.com\/?page_id=2453"},"modified":"2024-01-18T16:51:03","modified_gmt":"2024-01-18T15:51:03","slug":"bibliographie","status":"publish","type":"page","link":"https:\/\/vert-nibet.com\/index.php\/bibliographie\/","title":{"rendered":"BIBLIOGRAPHIE"},"content":{"rendered":"<section class=\"wpb-content-wrapper\"><p>[vc_row][vc_column][vc_column_text]<\/p>\n<pre>PASCAL M. Vert-Nibet \"L'Ind\u00e9pendant\". Perpignan. Juillet 1973\r\nVARGAS D.A. Charme, po\u00e9sie et r\u00eave avec Vert-Nibet. \"Midi Libre\". Perpignan. Juillet 1973\r\nKASPER G. \" Gazette Galerie Pro Arte\". Morges. Suisse. D\u00e9cembre 1975\r\nMARSA Angel. \"La Vanguardia\". Barcelone. 10 Avril 1976\r\nGUTIERREZ Fernando \"La Vanguardia\". Barcelone. Avril 1976\r\nSANTOS TORROELLA Rafael. \"El Noticiero Universal\". Barcelone. Avril 1976\r\nVARGAS D.A. \"Midi Libre\". Perpignan. 14 Avril 1976\r\nVARGAS D.A. \"Midi Libre\". Montpellier. 13 Octobre 1976\r\nGOURG J. \"Le Peintre\". Montpellier. 15 Novembre 1976\r\nROZELET A.M. La r\u00e9gion inspiratrice. Montpellier. Novembre 1976\r\nGOURRIER G.H. L'univers po\u00e9tique et chaleureux de M. Vert-Nibet. \"L'Ind\u00e9pendant\".\r\nPerpignan. 9 Septembre 1977\r\nL.B. \"Nice-Matin\". Nice. 18 Septembre 1977\r\nVARGAS D.A. Succ\u00e8s sur la C\u00f4te d'Azur. \"Midi Libre\". Perpignan. 24 Septembre 1977\r\nMARCHAL Herv\u00e9. MASSE Claude. Les artisans discrets du Roussillon. \"La Vie\" n\u00b0 1850\r\nCatalogue \"Les na\u00effs et les trains\". Mus\u00e9e du Vieux Ch\u00e2teau. Laval. 17 Mars 1978\r\nVARGAS D.A. Vert-Nibet au Mus\u00e9e de Laval. \"Midi Libre\". Perpignan. 10 Mai 1978\r\nPremi\u00e8re page du num\u00e9ro de No\u00ebl. \"L'Ind\u00e9pendant\". Perpignan. 24 D\u00e9cembre 1978\r\nGOURRIER G.H. Horizon Jeunesse. \"L'Ind\u00e9pendant\". Perpignan. 12 F\u00e9vrier 1979\r\nGUTIERREZ Fernando. \"La Vanguardia\". Barcelone. 22 Mars 1980\r\nSANTOS TORROELLA Rafael. \"El Noticiero Universal\". Barcelone. 27 Mars 1980\r\n\"Destino\". La clara pintura de Vert-Nibet. Barcelone. N\u00b02216\r\nGILLAMET Joan. \"Avui\". Barcelone. 30 Mars 1980\r\nRODRIGUEZ-CRUELLS Modest. \"Batik\". Barcelone. N\u00b055\r\n\r\n\r\nVARGAS D.A. Vert-Nibet \u00e0 Barcelone. \"Midi Libre\". Perpignan. 29 F\u00e9vrier 1980\r\nGOURRIER G.H. M.Vert-Nibet expose \u00e0 Barcelone. \"L'Ind\u00e9pendant\". Perpignan. 11 Mars 1980\r\nCatalogue \"Pres\u00e8ncies del Rossell\u00f3\". Mus\u00e9e de l'Empord\u00e0. Figueres. 1980\r\nVARGAS D.A. Mich\u00e8le Vert-Nibet ou la volont\u00e9 de bonheur. \"Midi Libre\". Juin 1980\r\nGOURRIER G.H. Les enchantements de Vert-Nibet. \"L'Ind\u00e9pendant\". Perpignan. Juin 1980\r\nDROT Jean-Marie. Une amiti\u00e9 \u00e9lectronique. 4 f\u00e9vrier 1982\r\nGOURRIER G.H. Quand Vert-Nibet nous invite aux \"Bonheurs\". \"L'Ind\u00e9pendant\".\r\nPerpignan. 3 F\u00e9vrier 1982\r\nVARGAS D.A. Apr\u00e8s le pinceau, le stylo. \"Midi Libre\". Perpignan. 4 Mars 1982\r\nGOURRIER G.H. Mich\u00e8le Vert-Nibet signe ses \"Bonheurs\". \"L'Ind\u00e9pendant\". Perpignan. Mars 1982\r\nJAKOVSKY Anatole. M. Vert-Nibet. Mus\u00e9e Jakovsky. Nice. Mars 1982\r\nJOURDANET Charles. Critique d'art. Nice. Mars 1982\r\nLANGE Rudolf. O\u00f9 le soleil est roi. Hanovre. 14 ao\u00fbt 1985\r\nMONTANE Joan Lluis. Mich\u00e8le Vert-Nibet, creadora de paisatges d'una imaginaci\u00f3 encisadora.\r\n\"Girona Gastron\u00f2mica\". Gerone. D\u00e9cembre 1988\r\nDiccionario \"Rafols\" de artistas contempor\u00e1neos de Catalu\u00f1a y Baleares.\r\nGOURRIER G.H. Sur les chemins du r\u00eave. \"L'Ind\u00e9pendant\". Perpignan. 1990\r\nVALAISON Marie-Claude. Catalogue du Mus\u00e9e Rigaud. Perpignan. Juillet 1991\r\nDELACAMPAGNE Christian. Catalogue du Mus\u00e9e Rigaud. Perpignan. Juillet 1991\r\nSITJA Michel. Catalogue du Mus\u00e9e Rigaud. Perpignan. Juillet 1991\r\nGOURRIER G.H. Le silence expressif de Mich\u00e8le Vert-Nibet. \"L'Ind\u00e9pendant\". Perpignan. 1991\r\nSANTOS TORROELLA Rafael. Pr\u00e9face du catalogue de la Galerie Grife &amp; Escoda.\r\nBarcelone. 23 Avril 1992\r\nRevue \"Barcelona Ol\u00edmpica\" N\u00b034\r\nMARESMA Josep. M. Vert-Nibet a la Galeria Grife &amp; Escoda. Barcelone. 1992\r\nGOURRIER G.H. et M. VERT-NIBET : Entretien. 14 Octobre 1992\r\nCatalogue T.I.A.S. Tokyo.\r\nGOURRIER G.H. Vingt ans de peinture. \"L'Ind\u00e9pendant\". Perpignan. 23 Avril 1993\r\nGOURRIER G.H. Ces pays de r\u00eave o\u00f9 l'on arrive toujours. \"L'Ind\u00e9pendant\". Perpignan. Mars 1993\r\nGIL Rosa. Els subtils missatges d'una obra aparentment tranquil-la. \"Nou Diari\". Gerone. 18 Ao\u00fbt 1993\r\nPOCH Ana. El color al servei de la representaci\u00f3 id\u00edl-lica del paisatge. \"Diari de Girona\". Gerone.\r\n22 ao\u00fbt 1993\r\nSALUS Philippe. Douces \u00e9ternit\u00e9s. \"Terres Catalanes\" N\u00b02\r\nSarasota Herald Tribune. Florida West. Mars 1994\r\nMc CALL Lee. Portrait. \"Scene Magazine\". Sarasota. Florida.\r\nPANABIERE Louis. Chromologie. Universit\u00e9 de Perpignan.\r\nCASTANON Adolfo. El color que cay\u00f3 del tiempo o de la c\u00f4te vermeille a la tierra colorada.\r\nPoema para unas pinturas de M. Vert-Nibet, inspiradas en el movimiento ind\u00edgena de Chiapas. Universit\u00e9 de Perpignan.\r\nPr\u00e9sentation de l'exposition \u00e0 la Galerie Artis. Tokyo.\r\nDELACAMPAGNE Christian. Magie. D\u00e9cembre 1994\r\nTOCABENS Joan. Arrels. Janvier 1995\r\nMASSE Claude. Toujours un arbre quelque part. Janvier 1995\r\nSANTOS TORROELLA Rafael. Frescor y latido en la pintura de Mich\u00e8le Vert-Nibet. Janvier 1995\r\nGOURRIER G.H. Joies ludiques. Mars 1995\r\nJOURDANET Charles. De l'autre c\u00f4t\u00e9 du miroir. Mars 1995\r\nMA\u00cfER Sandra. \"Le Matin\". Lausanne. 3 D\u00e9cembre 1995\r\nJOTTERAND Michel. \"Tribune de Gen\u00e8ve\". 30 Novembre 1995\r\nJORDI PERE CERDA. \"Vert-Nibet i l'ordinaci\u00f3 del ritual\". Mai 1996\r\nCADENA Josep M. \"El Peri\u00f3dico\". 7 Mai 1996\r\nGOURRIER G.H. \"Les voyages immobiles de Mich\u00e8le Vert-Nibet\". \"L'Ind\u00e9pendant\". 1996\r\nRevue Pyr\u00e9n\u00e9es Roussillon. 1998\r\nCatalogue \"Mus\u00e9e de la cr\u00e9ation franche\". B\u00e8gles. 1999\r\nCOLLET J.M. \"Po\u00e9sie l\u00e9g\u00e8re et d\u00e9licate de Mich\u00e8le Vert-Nibet\". \"L'Ind\u00e9pendant\". D\u00e9cembre 2001\r\nDEMELIN Fran\u00e7oise. Terres catalanes. 2002\r\nCatalogue Ass. UNESCO : \"Pintors de la Mediterr\u00e0nia\". Cadaques. 2002\r\nLivre \"Tentations\" de St\u00e9phanie Thomas. \"Les presses litt\u00e9raires\". 2003\r\nCatalogue AECC Ch\u00e2teau de Perelada. 2003\r\nVIVAS i LLORENS Eduard. Comentari. Juin 2004\r\nLettre du Consulat n\u00b0 9. Barcelone. Juin 2004\r\nCatalogue Artalunya. Andorra. 2004\r\nDELACAMPAGNE Christian. Avril 2006\r\nQUERALT Jacques. M\u00e9diath\u00e8que de Perpignan. Avril 2006\r\nJOUSSEMET Jocelyne. M\u00e9diath\u00e8que de Perpignan. Avril 2006\r\nCOLLET J.M. \"A fleur de peau\". Avril 2006\r\nCOLLET J.M. \"L'\u00e9corce des arbres sous la plume du po\u00e8te\". \"L'Ind\u00e9pendant\". Mai 2006\r\nBLANGY Marie Louise. Revue Vallespir n\u00b0 2. Estiu 2006\r\nVIVAS i LLORENS Eduard. Comentari. 2006\r\nTOCABENS Joan. Pr\u00e9face \"Sortil\u00e8ges de la Fronti\u00e8re\". Ed. Mare Nostrum. 2009\r\nSemaine du Roussillon n\u00b0 675. 2009\r\nCOLLET J.M. \"L'Ind\u00e9pendant\". Avril 2009\r\nCOLLET J.M. \"Entretien\"\u00a0 Avril 2010\r\n\u00a0\r\nCOLLET J.M\u00a0 L\u2019Art Na\u00eff et l\u2019Art tout court selon M. VertNibet\u00a0 \"L\u2019ind\u00e9pendant\" Novembre 2010\r\nBETTI Catherine. Apaisante M. Vert-Nibet. Terres Catalanes\r\nEMMANUELLI Xavier. \u00a0\"M. Vert-Nibet, la Dame des trois fronti\u00e8res\" . Avril 2011\r\nSIMAL Victor.\u00a0 La semaine du Roussillon n\u00b0 833\r\nGIRALT-MIRACLE Daniel. Le Monde de M. Vert-Nibet\r\nCOLLET J.M. Le Fort de Bellegarde pacifi\u00e9. L\u2019Ind\u00e9pendant. Juillet 2013\r\nTOURON J.M. 2013, l\u2019\u00e9t\u00e9 de M. Vert-Nibet. Le Petit Journal. Juillet 2013\r\nMARCHE C\u00e9cile. \u00ab Tout est cr\u00e9ation \u00bb. L\u2019Echo du Roussillon. Avril 2014\r\nMARION Julien. L\u2019Ind\u00e9pendant. D\u00e9cembre 2014\r\nFIGUERAS Miquel. Habanera. Cadaques. Janvier 2015\r\nMARTINEZ J. Le Printemps des po\u00e8tes. L\u2019Ind\u00e9pendant. Mars 2015\r\nCOLLET J.M. Po\u00e9sie au Mus\u00e9e. L\u2019Ind\u00e9pendant. Avril 2015\r\nQUERALT Jacques. Po\u00e9sie. Avril 2015\r\nCOLLET J.M. Une histoire de moustache. L\u2019Ind\u00e9pendant. Avril 2015\r\nEMMANUELI Xavier. L\u2019Arbre-Sourire. Janvier 2016\r\nDEVIC Estelle. L\u2019Arbre-Sourire commence sa carri\u00e8re internationale \u00e0 Olot. L\u2019Ind\u00e9pendant 2016\r\nVALLS Josep. L\u2019Arbre dels somriures. El Punt Avui. Gener 2016\r\nMARTINEZ J. L\u2019Arbre-Sourire \u00e0 Paris. L\u2019Ind\u00e9pendant. Juin 2016\r\nGALLISSOT. Printemps des Po\u00e8tes, l\u2019Arbre-Sourire. Juin 2016\r\nCOLLET J.M. Un arbre hautement symbolique au Mus\u00e9e d\u2019Art Moderne. L\u2019Ind\u00e9pendant. Juin 2016\r\nMARTINEZ J. De la lumi\u00e8re du Roussillon aux n\u00e9ons de Manhattan. Octobre 2017\r\nCHENG Fran\u00e7ois. Quatrain. Juin 2018\r\nPLANAS Narcis. M. Vert-Nibet a Milano. Bonart. Juliol 2019\r\nGIRALT-MIRACLE D. Albera Bella. Octobre 2019\r\nPLANAS Narcis. M. Vert-Nibet al museu Rigaud. Bonart. D\u00e9cembre 2019\r\nCHAMBON Sylvie. Une floraison de couleurs. L\u2019Ind\u00e9pendant. Octobre 2019\r\nVALLS Josep. Com un encanteri. Punt Avui. D\u00e9cembre 2019\r\nBETTI Catherine. Vibrations po\u00e9tiques. Terres Catalanes. D\u00e9cembre 2019\r\nEMMANUELLI Xavier. M. Vert-Nibet ou le myst\u00e8re d\u2019une Attente. Ao\u00fbt 2020\r\nBETTI Catherine. M. Vert-Nibet la discr\u00e8te. Terres Catalanes n\u00b0 100. Octobre 2020<\/pre>\n<p>[\/vc_column_text][\/vc_column][\/vc_row]<\/p>\n<\/section>","protected":false},"excerpt":{"rendered":"<p>[vc_row][vc_column][vc_column_text] PASCAL M. Vert-Nibet \u00ab\u00a0L&rsquo;Ind\u00e9pendant\u00a0\u00bb. Perpignan. Juillet 1973 VARGAS D.A. Charme, po\u00e9sie et r\u00eave avec Vert-Nibet. \u00ab\u00a0Midi Libre\u00a0\u00bb. Perpignan. Juillet 1973 KASPER G. \u00a0\u00bb Gazette Galerie Pro Arte\u00a0\u00bb. Morges. Suisse. D\u00e9cembre 1975 MARSA Angel. \u00ab\u00a0La Vanguardia\u00a0\u00bb. Barcelone. 10 Avril 1976 [&hellip;]<\/p>\n","protected":false},"author":1,"featured_media":0,"parent":0,"menu_order":0,"comment_status":"closed","ping_status":"closed","template":"","meta":{"footnotes":""},"class_list":["post-2453","page","type-page","status-publish","hentry"],"_links":{"self":[{"href":"https:\/\/vert-nibet.com\/index.php\/wp-json\/wp\/v2\/pages\/2453","targetHints":{"allow":["GET"]}}],"collection":[{"href":"https:\/\/vert-nibet.com\/index.php\/wp-json\/wp\/v2\/pages"}],"about":[{"href":"https:\/\/vert-nibet.com\/index.php\/wp-json\/wp\/v2\/types\/page"}],"author":[{"embeddable":true,"href":"https:\/\/vert-nibet.com\/index.php\/wp-json\/wp\/v2\/users\/1"}],"replies":[{"embeddable":true,"href":"https:\/\/vert-nibet.com\/index.php\/wp-json\/wp\/v2\/comments?post=2453"}],"version-history":[{"count":2,"href":"https:\/\/vert-nibet.com\/index.php\/wp-json\/wp\/v2\/pages\/2453\/revisions"}],"predecessor-version":[{"id":2455,"href":"https:\/\/vert-nibet.com\/index.php\/wp-json\/wp\/v2\/pages\/2453\/revisions\/2455"}],"wp:attachment":[{"href":"https:\/\/vert-nibet.com\/index.php\/wp-json\/wp\/v2\/media?parent=2453"}],"curies":[{"name":"wp","href":"https:\/\/api.w.org\/{rel}","templated":true}]}}